{"id":3837,"date":"2021-02-13T08:56:31","date_gmt":"2021-02-13T07:56:31","guid":{"rendered":"https:\/\/dfko.dk\/?page_id=3837"},"modified":"2025-12-02T11:32:22","modified_gmt":"2025-12-02T10:32:22","slug":"nyheder","status":"publish","type":"page","link":"https:\/\/dfko.dk\/da\/nyheder\/","title":{"rendered":"Nyheder"},"content":{"rendered":"<p>[et_pb_section fb_built=&#8221;1&#8243; admin_label=&#8221;section&#8221; _builder_version=&#8221;4.15&#8243; global_colors_info=&#8221;{}&#8221;][et_pb_row admin_label=&#8221;row&#8221; _builder_version=&#8221;4.15&#8243; background_size=&#8221;initial&#8221; background_position=&#8221;top_left&#8221; background_repeat=&#8221;repeat&#8221; custom_padding=&#8221;|||4px||&#8221; global_colors_info=&#8221;{}&#8221;][et_pb_column type=&#8221;4_4&#8243; _builder_version=&#8221;4.15&#8243; custom_padding=&#8221;|||&#8221; global_colors_info=&#8221;{}&#8221; custom_padding__hover=&#8221;|||&#8221;][et_pb_text disabled_on=&#8221;off|off|off&#8221; admin_label=&#8221;Text&#8221; _builder_version=&#8221;4.15.0&#8243; background_size=&#8221;initial&#8221; background_position=&#8221;top_left&#8221; background_repeat=&#8221;repeat&#8221; global_colors_info=&#8221;{}&#8221;]<\/p>\n<p class=\"\"><strong>Ordin\u00e6r Generalforsamling 2026<\/strong><\/p>\n<p class=\"\">17. januar 2026 kl. 09.00<br \/>Marienlyst Strandhotel<\/p>\n<p class=\"\"><a href=\"https:\/\/forum.dfko.dk\/wp-content\/uploads\/sites\/4\/2025\/12\/GF-17.1.2026-indkaldelse-endelig.pdf\">Indkaldelsen inkl. dagsorden<\/a><\/p>\n<p class=\"\"><a href=\"https:\/\/forum.dfko.dk\/wp-content\/uploads\/sites\/4\/2025\/12\/Oplaeg-til-vedtaegtsaendringer-2026.pdf\">Forslag til vedt\u00e6gts\u00e6ndring<\/a><\/p>\n<p class=\"\"><a href=\"https:\/\/forum.dfko.dk\/wp-content\/uploads\/sites\/4\/2025\/12\/Vedtaegtsaendringer-sammenlignet-11-25.pdf\">Bilag vedt\u00e6gts\u00e6ndring<\/a><\/p>\n<p class=\"\">\n<p class=\"\">\n<p class=\"\">\n<p>&nbsp;<\/p>\n<p>&nbsp;<\/p>\n<p>&nbsp;<\/p>\n<p>&nbsp;<\/p>\n<p>[\/et_pb_text][\/et_pb_column][\/et_pb_row][\/et_pb_section]<\/p>\n","protected":false},"excerpt":{"rendered":"<p>Ordin\u00e6r Generalforsamling 2026 17. januar 2026 kl. 09.00Marienlyst Strandhotel Indkaldelsen inkl. dagsorden Forslag til vedt\u00e6gts\u00e6ndring Bilag vedt\u00e6gts\u00e6ndring &nbsp; &nbsp; &nbsp; &nbsp;<\/p>","protected":false},"author":1,"featured_media":0,"parent":0,"menu_order":0,"comment_status":"closed","ping_status":"closed","template":"","meta":{"_et_pb_use_builder":"on","_et_pb_old_content":"14122021 Bestyrelsen:\r\n\r\nIndkaldelse til ordin\u00e6r generalforsamling l\u00f8rdag d 15. januar 2022 p\u00e5 Hotel Marienlyst\r\n\r\n<a href=\"https:\/\/dfko.dk\/wp-content\/uploads\/2021\/12\/2022-Indkaldelse-DFKO-generalforsamling-ny15.-januar-2022.pdf\">2022 Indkaldelse DFKO generalforsamling ny15. januar 2022<\/a>","_et_gb_content_width":"","footnotes":""},"_links":{"self":[{"href":"https:\/\/dfko.dk\/da\/wp-json\/wp\/v2\/pages\/3837"}],"collection":[{"href":"https:\/\/dfko.dk\/da\/wp-json\/wp\/v2\/pages"}],"about":[{"href":"https:\/\/dfko.dk\/da\/wp-json\/wp\/v2\/types\/page"}],"author":[{"embeddable":true,"href":"https:\/\/dfko.dk\/da\/wp-json\/wp\/v2\/users\/1"}],"replies":[{"embeddable":true,"href":"https:\/\/dfko.dk\/da\/wp-json\/wp\/v2\/comments?post=3837"}],"version-history":[{"count":36,"href":"https:\/\/dfko.dk\/da\/wp-json\/wp\/v2\/pages\/3837\/revisions"}],"predecessor-version":[{"id":8038,"href":"https:\/\/dfko.dk\/da\/wp-json\/wp\/v2\/pages\/3837\/revisions\/8038"}],"wp:attachment":[{"href":"https:\/\/dfko.dk\/da\/wp-json\/wp\/v2\/media?parent=3837"}],"curies":[{"name":"wp","href":"https:\/\/api.w.org\/{rel}","templated":true}]}}